{"id":12,"date":"2023-08-09T08:39:40","date_gmt":"2023-08-09T08:39:40","guid":{"rendered":"https:\/\/xn--anettehvirvelkrterapi-s3b.dk\/?page_id=12"},"modified":"2024-11-10T12:07:08","modified_gmt":"2024-11-10T12:07:08","slug":"kropsorienteret-behandling","status":"publish","type":"page","link":"https:\/\/anettehvirvelkaerterapi.dk\/index.php\/kropsorienteret-behandling\/","title":{"rendered":"Kropsorienteret"},"content":{"rendered":"\n<p><\/p>\n\n\n\n<p><\/p>\n\n\n\n<p>Traumer er oftest fastl\u00e5st energi i kroppen, som der gradvis skal tags kontakt til, s\u00e5 energien kan blive forl\u00f8st. Traumer er ikke, hvad der sker for dig, men det der sker indeni dig, n\u00e5r du ikke kan komme af med de f\u00f8lelser, oplevelsen kan give dig. <\/p>\n\n\n\n<p>Nogle gange kan ord ikke forl\u00f8se og derfor ikke altid, at samtaler giver den \u00f8nskede effekt. Det autonome nervesystem kan v\u00e6re i ubalance og derfor kan det v\u00e6re brugbart med fokus p\u00e5 kroppen. <em>Kroppen holder regnskab<\/em> (Bessel A. van der Kolk) og kroppen b\u00e6rer p\u00e5 historien. For nogle kan der ogs\u00e5 bare v\u00e6re for mange ord i terapien og der er brug for mere og anden opm\u00e6rksomhed p\u00e5 kroppen.&nbsp;<\/p>\n\n\n\n<p>Jeg har taget den 2-\u00e5rig kropsorienteret traumebehandling ved Better Flow, da jeg er optaget af, at ord ikke altid kan forl\u00f8se og at der ogs\u00e5 kan blive for mange ord. Kropsorienteret behandling f\u00e5r mere fokus p\u00e5 kroppens betydning \u2013 ogs\u00e5 i forl\u00f8sning af traumer. Da jeg stadig er nyuddannet kropsorienteret traumebehandler, tilbyder jeg behandling til reduceret pris.<\/p>\n\n\n\n<div class=\"wp-block-columns is-layout-flex wp-container-core-columns-is-layout-9d6595d7 wp-block-columns-is-layout-flex\">\n<div class=\"wp-block-column is-layout-flow wp-block-column-is-layout-flow\" style=\"flex-basis:66.66%\">\n<p>Behandlingen vil indlede med en samtale, hvorefter kroppen og sansning af kroppen inddrages p\u00e5 forskellige niveauer. Behandlingen foreg\u00e5r enten p\u00e5 liggende eller siddende. Al behandling foreg\u00e5r med t\u00f8jet p\u00e5. Behandlingen varer ca. 1 time.<\/p>\n<\/div>\n\n\n\n<div class=\"wp-block-column is-layout-flow wp-block-column-is-layout-flow\" style=\"flex-basis:33.33%\">\n<figure class=\"wp-block-image size-large\"><img loading=\"lazy\" decoding=\"async\" width=\"1024\" height=\"703\" src=\"https:\/\/anettehvirvelkaerterapi.dk\/wp-content\/uploads\/2023\/09\/haender-1-1024x703.jpeg\" alt=\"\" class=\"wp-image-591\" srcset=\"https:\/\/anettehvirvelkaerterapi.dk\/wp-content\/uploads\/2023\/09\/haender-1-1024x703.jpeg 1024w, https:\/\/anettehvirvelkaerterapi.dk\/wp-content\/uploads\/2023\/09\/haender-1-300x206.jpeg 300w, https:\/\/anettehvirvelkaerterapi.dk\/wp-content\/uploads\/2023\/09\/haender-1-768x527.jpeg 768w, https:\/\/anettehvirvelkaerterapi.dk\/wp-content\/uploads\/2023\/09\/haender-1-1536x1055.jpeg 1536w, https:\/\/anettehvirvelkaerterapi.dk\/wp-content\/uploads\/2023\/09\/haender-1-2048x1406.jpeg 2048w\" sizes=\"auto, (max-width: 1024px) 100vw, 1024px\" \/><\/figure>\n<\/div>\n<\/div>\n","protected":false},"excerpt":{"rendered":"<p>Traumer er oftest fastl\u00e5st energi i kroppen, som der gradvis skal tags kontakt til, s\u00e5 energien kan blive forl\u00f8st. Traumer er ikke, hvad der sker for dig, men det der sker indeni dig, n\u00e5r du ikke kan komme af med de f\u00f8lelser, oplevelsen kan give dig. Nogle gange kan ord ikke forl\u00f8se og derfor ikke altid, at samtaler giver den \u00f8nskede effekt. Det autonome nervesystem kan v\u00e6re i ubalance og derfor kan det v\u00e6re brugbart med fokus p\u00e5 kroppen. Kroppen holder regnskab (Bessel A. van der Kolk) og kroppen b\u00e6rer p\u00e5 historien. For nogle kan der ogs\u00e5 bare v\u00e6re for mange ord i terapien og der er brug for mere og anden opm\u00e6rksomhed p\u00e5 kroppen.&nbsp; Jeg har taget den 2-\u00e5rig kropsorienteret traumebehandling ved Better Flow, da jeg er optaget af, at ord ikke altid kan forl\u00f8se og at der ogs\u00e5 kan blive for mange ord. Kropsorienteret behandling f\u00e5r mere fokus&hellip;<\/p>\n<p> <a class=\"more-link\" href=\"https:\/\/anettehvirvelkaerterapi.dk\/index.php\/kropsorienteret-behandling\/\">Read more<\/a><\/p>\n","protected":false},"author":1,"featured_media":591,"parent":0,"menu_order":0,"comment_status":"closed","ping_status":"closed","template":"","meta":{"footnotes":""},"class_list":["post-12","page","type-page","status-publish","has-post-thumbnail"],"yoast_head":"<!-- This site is optimized with the Yoast SEO plugin v23.6 - https:\/\/yoast.com\/wordpress\/plugins\/seo\/ -->\n<title>Kropsorienteret - AnetteHvirvelk&aelig;r Terapi<\/title>\n<meta name=\"robots\" content=\"noindex, follow, max-snippet:-1, max-image-preview:large, max-video-preview:-1\" \/>\n<meta property=\"og:locale\" content=\"da_DK\" \/>\n<meta property=\"og:type\" content=\"article\" \/>\n<meta property=\"og:title\" content=\"Kropsorienteret - AnetteHvirvelk&aelig;r Terapi\" \/>\n<meta property=\"og:description\" content=\"Traumer er oftest fastl\u00e5st energi i kroppen, som der gradvis skal tags kontakt til, s\u00e5 energien kan blive forl\u00f8st. Traumer er ikke, hvad der sker for dig, men det der sker indeni dig, n\u00e5r du ikke kan komme af med de f\u00f8lelser, oplevelsen kan give dig. Nogle gange kan ord ikke forl\u00f8se og derfor ikke altid, at samtaler giver den \u00f8nskede effekt. Det autonome nervesystem kan v\u00e6re i ubalance og derfor kan det v\u00e6re brugbart med fokus p\u00e5 kroppen. Kroppen holder regnskab (Bessel A. van der Kolk) og kroppen b\u00e6rer p\u00e5 historien. For nogle kan der ogs\u00e5 bare v\u00e6re for mange ord i terapien og der er brug for mere og anden opm\u00e6rksomhed p\u00e5 kroppen.&nbsp; Jeg har taget den 2-\u00e5rig kropsorienteret traumebehandling ved Better Flow, da jeg er optaget af, at ord ikke altid kan forl\u00f8se og at der ogs\u00e5 kan blive for mange ord. Kropsorienteret behandling f\u00e5r mere fokus&hellip;  Read more\" \/>\n<meta property=\"og:url\" content=\"https:\/\/anettehvirvelkaerterapi.dk\/index.php\/kropsorienteret-behandling\/\" \/>\n<meta property=\"og:site_name\" content=\"AnetteHvirvelk&aelig;r Terapi\" \/>\n<meta property=\"article:modified_time\" content=\"2024-11-10T12:07:08+00:00\" \/>\n<meta property=\"og:image\" content=\"https:\/\/anettehvirvelkaerterapi.dk\/wp-content\/uploads\/2023\/09\/haender-1-scaled.jpeg\" \/>\n\t<meta property=\"og:image:width\" content=\"2560\" \/>\n\t<meta property=\"og:image:height\" content=\"1758\" \/>\n\t<meta property=\"og:image:type\" content=\"image\/jpeg\" \/>\n<meta name=\"twitter:card\" content=\"summary_large_image\" \/>\n<meta name=\"twitter:label1\" content=\"Estimeret l\u00e6setid\" \/>\n\t<meta name=\"twitter:data1\" content=\"2 minutter\" \/>\n<script type=\"application\/ld+json\" class=\"yoast-schema-graph\">{\"@context\":\"https:\/\/schema.org\",\"@graph\":[{\"@type\":\"WebPage\",\"@id\":\"https:\/\/anettehvirvelkaerterapi.dk\/index.php\/kropsorienteret-behandling\/\",\"url\":\"https:\/\/anettehvirvelkaerterapi.dk\/index.php\/kropsorienteret-behandling\/\",\"name\":\"Kropsorienteret - AnetteHvirvelk&aelig;r Terapi\",\"isPartOf\":{\"@id\":\"https:\/\/anettehvirvelkaerterapi.dk\/#website\"},\"primaryImageOfPage\":{\"@id\":\"https:\/\/anettehvirvelkaerterapi.dk\/index.php\/kropsorienteret-behandling\/#primaryimage\"},\"image\":{\"@id\":\"https:\/\/anettehvirvelkaerterapi.dk\/index.php\/kropsorienteret-behandling\/#primaryimage\"},\"thumbnailUrl\":\"https:\/\/anettehvirvelkaerterapi.dk\/wp-content\/uploads\/2023\/09\/haender-1-scaled.jpeg\",\"datePublished\":\"2023-08-09T08:39:40+00:00\",\"dateModified\":\"2024-11-10T12:07:08+00:00\",\"breadcrumb\":{\"@id\":\"https:\/\/anettehvirvelkaerterapi.dk\/index.php\/kropsorienteret-behandling\/#breadcrumb\"},\"inLanguage\":\"da-DK\",\"potentialAction\":[{\"@type\":\"ReadAction\",\"target\":[\"https:\/\/anettehvirvelkaerterapi.dk\/index.php\/kropsorienteret-behandling\/\"]}]},{\"@type\":\"ImageObject\",\"inLanguage\":\"da-DK\",\"@id\":\"https:\/\/anettehvirvelkaerterapi.dk\/index.php\/kropsorienteret-behandling\/#primaryimage\",\"url\":\"https:\/\/anettehvirvelkaerterapi.dk\/wp-content\/uploads\/2023\/09\/haender-1-scaled.jpeg\",\"contentUrl\":\"https:\/\/anettehvirvelkaerterapi.dk\/wp-content\/uploads\/2023\/09\/haender-1-scaled.jpeg\",\"width\":2560,\"height\":1758,\"caption\":\"omsorg fastl\u00e5st frig\u00f8re energi lethed gl\u00e6de indre ro kroppen tr\u00e6thed stress belastninger traumer h\u00e6ndelser ulykke sorg tab trist\"},{\"@type\":\"BreadcrumbList\",\"@id\":\"https:\/\/anettehvirvelkaerterapi.dk\/index.php\/kropsorienteret-behandling\/#breadcrumb\",\"itemListElement\":[{\"@type\":\"ListItem\",\"position\":1,\"name\":\"Hjem\",\"item\":\"https:\/\/anettehvirvelkaerterapi.dk\/\"},{\"@type\":\"ListItem\",\"position\":2,\"name\":\"Kropsorienteret\"}]},{\"@type\":\"WebSite\",\"@id\":\"https:\/\/anettehvirvelkaerterapi.dk\/#website\",\"url\":\"https:\/\/anettehvirvelkaerterapi.dk\/\",\"name\":\"AnetteHvirvelk&aelig;r Terapi\",\"description\":\"Samtaleterapi  til enkelt personer, par og familier og kropsorienteret behandling\",\"potentialAction\":[{\"@type\":\"SearchAction\",\"target\":{\"@type\":\"EntryPoint\",\"urlTemplate\":\"https:\/\/anettehvirvelkaerterapi.dk\/?s={search_term_string}\"},\"query-input\":{\"@type\":\"PropertyValueSpecification\",\"valueRequired\":true,\"valueName\":\"search_term_string\"}}],\"inLanguage\":\"da-DK\"}]}<\/script>\n<!-- \/ Yoast SEO plugin. -->","yoast_head_json":{"title":"Kropsorienteret - AnetteHvirvelk&aelig;r Terapi","robots":{"index":"noindex","follow":"follow","max-snippet":"max-snippet:-1","max-image-preview":"max-image-preview:large","max-video-preview":"max-video-preview:-1"},"og_locale":"da_DK","og_type":"article","og_title":"Kropsorienteret - AnetteHvirvelk&aelig;r Terapi","og_description":"Traumer er oftest fastl\u00e5st energi i kroppen, som der gradvis skal tags kontakt til, s\u00e5 energien kan blive forl\u00f8st. Traumer er ikke, hvad der sker for dig, men det der sker indeni dig, n\u00e5r du ikke kan komme af med de f\u00f8lelser, oplevelsen kan give dig. Nogle gange kan ord ikke forl\u00f8se og derfor ikke altid, at samtaler giver den \u00f8nskede effekt. Det autonome nervesystem kan v\u00e6re i ubalance og derfor kan det v\u00e6re brugbart med fokus p\u00e5 kroppen. Kroppen holder regnskab (Bessel A. van der Kolk) og kroppen b\u00e6rer p\u00e5 historien. For nogle kan der ogs\u00e5 bare v\u00e6re for mange ord i terapien og der er brug for mere og anden opm\u00e6rksomhed p\u00e5 kroppen.&nbsp; Jeg har taget den 2-\u00e5rig kropsorienteret traumebehandling ved Better Flow, da jeg er optaget af, at ord ikke altid kan forl\u00f8se og at der ogs\u00e5 kan blive for mange ord. Kropsorienteret behandling f\u00e5r mere fokus&hellip;  Read more","og_url":"https:\/\/anettehvirvelkaerterapi.dk\/index.php\/kropsorienteret-behandling\/","og_site_name":"AnetteHvirvelk&aelig;r Terapi","article_modified_time":"2024-11-10T12:07:08+00:00","og_image":[{"width":2560,"height":1758,"url":"https:\/\/anettehvirvelkaerterapi.dk\/wp-content\/uploads\/2023\/09\/haender-1-scaled.jpeg","type":"image\/jpeg"}],"twitter_card":"summary_large_image","twitter_misc":{"Estimeret l\u00e6setid":"2 minutter"},"schema":{"@context":"https:\/\/schema.org","@graph":[{"@type":"WebPage","@id":"https:\/\/anettehvirvelkaerterapi.dk\/index.php\/kropsorienteret-behandling\/","url":"https:\/\/anettehvirvelkaerterapi.dk\/index.php\/kropsorienteret-behandling\/","name":"Kropsorienteret - AnetteHvirvelk&aelig;r Terapi","isPartOf":{"@id":"https:\/\/anettehvirvelkaerterapi.dk\/#website"},"primaryImageOfPage":{"@id":"https:\/\/anettehvirvelkaerterapi.dk\/index.php\/kropsorienteret-behandling\/#primaryimage"},"image":{"@id":"https:\/\/anettehvirvelkaerterapi.dk\/index.php\/kropsorienteret-behandling\/#primaryimage"},"thumbnailUrl":"https:\/\/anettehvirvelkaerterapi.dk\/wp-content\/uploads\/2023\/09\/haender-1-scaled.jpeg","datePublished":"2023-08-09T08:39:40+00:00","dateModified":"2024-11-10T12:07:08+00:00","breadcrumb":{"@id":"https:\/\/anettehvirvelkaerterapi.dk\/index.php\/kropsorienteret-behandling\/#breadcrumb"},"inLanguage":"da-DK","potentialAction":[{"@type":"ReadAction","target":["https:\/\/anettehvirvelkaerterapi.dk\/index.php\/kropsorienteret-behandling\/"]}]},{"@type":"ImageObject","inLanguage":"da-DK","@id":"https:\/\/anettehvirvelkaerterapi.dk\/index.php\/kropsorienteret-behandling\/#primaryimage","url":"https:\/\/anettehvirvelkaerterapi.dk\/wp-content\/uploads\/2023\/09\/haender-1-scaled.jpeg","contentUrl":"https:\/\/anettehvirvelkaerterapi.dk\/wp-content\/uploads\/2023\/09\/haender-1-scaled.jpeg","width":2560,"height":1758,"caption":"omsorg fastl\u00e5st frig\u00f8re energi lethed gl\u00e6de indre ro kroppen tr\u00e6thed stress belastninger traumer h\u00e6ndelser ulykke sorg tab trist"},{"@type":"BreadcrumbList","@id":"https:\/\/anettehvirvelkaerterapi.dk\/index.php\/kropsorienteret-behandling\/#breadcrumb","itemListElement":[{"@type":"ListItem","position":1,"name":"Hjem","item":"https:\/\/anettehvirvelkaerterapi.dk\/"},{"@type":"ListItem","position":2,"name":"Kropsorienteret"}]},{"@type":"WebSite","@id":"https:\/\/anettehvirvelkaerterapi.dk\/#website","url":"https:\/\/anettehvirvelkaerterapi.dk\/","name":"AnetteHvirvelk&aelig;r Terapi","description":"Samtaleterapi  til enkelt personer, par og familier og kropsorienteret behandling","potentialAction":[{"@type":"SearchAction","target":{"@type":"EntryPoint","urlTemplate":"https:\/\/anettehvirvelkaerterapi.dk\/?s={search_term_string}"},"query-input":{"@type":"PropertyValueSpecification","valueRequired":true,"valueName":"search_term_string"}}],"inLanguage":"da-DK"}]}},"_links":{"self":[{"href":"https:\/\/anettehvirvelkaerterapi.dk\/index.php\/wp-json\/wp\/v2\/pages\/12","targetHints":{"allow":["GET"]}}],"collection":[{"href":"https:\/\/anettehvirvelkaerterapi.dk\/index.php\/wp-json\/wp\/v2\/pages"}],"about":[{"href":"https:\/\/anettehvirvelkaerterapi.dk\/index.php\/wp-json\/wp\/v2\/types\/page"}],"author":[{"embeddable":true,"href":"https:\/\/anettehvirvelkaerterapi.dk\/index.php\/wp-json\/wp\/v2\/users\/1"}],"replies":[{"embeddable":true,"href":"https:\/\/anettehvirvelkaerterapi.dk\/index.php\/wp-json\/wp\/v2\/comments?post=12"}],"version-history":[{"count":32,"href":"https:\/\/anettehvirvelkaerterapi.dk\/index.php\/wp-json\/wp\/v2\/pages\/12\/revisions"}],"predecessor-version":[{"id":706,"href":"https:\/\/anettehvirvelkaerterapi.dk\/index.php\/wp-json\/wp\/v2\/pages\/12\/revisions\/706"}],"wp:featuredmedia":[{"embeddable":true,"href":"https:\/\/anettehvirvelkaerterapi.dk\/index.php\/wp-json\/wp\/v2\/media\/591"}],"wp:attachment":[{"href":"https:\/\/anettehvirvelkaerterapi.dk\/index.php\/wp-json\/wp\/v2\/media?parent=12"}],"curies":[{"name":"wp","href":"https:\/\/api.w.org\/{rel}","templated":true}]}}