{"id":16,"date":"2023-08-09T08:40:05","date_gmt":"2023-08-09T08:40:05","guid":{"rendered":"https:\/\/xn--anettehvirvelkrterapi-s3b.dk\/?page_id=16"},"modified":"2026-02-01T11:42:11","modified_gmt":"2026-02-01T11:42:11","slug":"om-mig","status":"publish","type":"page","link":"https:\/\/anettehvirvelkaerterapi.dk\/index.php\/om-mig\/","title":{"rendered":"Om mig"},"content":{"rendered":"\n<p><\/p>\n\n\n\n<p><\/p>\n\n\n\n<p>Mit navn er Anette Hvirvelk\u00e6r (f. 1971) og jeg uddannet som socialr\u00e5dgiver i 2002. Jeg har siden arbejdet inden for det sociale omr\u00e5de, som bl.a. har inkluderet gadeplansarbejde, r\u00e5dgivning for unge, integration af flygtningefamilier og familiebehandlingsarbejde. I \u00f8vrigt har jeg v\u00e6ret ansat som kontaktperson for unge. Som frivillig ved CSM, Center for Seksuelt Misbrugte, Aarhus, har jeg haft individuelle samtaleforl\u00f8b og gruppeforl\u00f8b. Ogs\u00e5 v\u00e6ret frivillig co-terapeut hos TUBA til et gruppeforl\u00f8b for unge, som er vokset op med for\u00e6ldre med alkoholproblemer.<\/p>\n\n\n\n<p>Jeg har afsluttet en psykoterapeutisk efteruddannelse fra Dansk Familieterapeutisk Institut (DFTI) i Aarhus, med speciale i par og familier. Jeg er medlem af Dansk Psykoterapeutisk Forening og psykoterapeut MPF.&nbsp;<\/p>\n\n\n\n<p>I januar 2024 afsluttede jeg en 2-\u00e5rig efteruddannelse i kropsorienteret traumebehandling ved Better Flow.<\/p>\n\n\n\n<div class=\"wp-block-columns is-layout-flex wp-container-core-columns-is-layout-9d6595d7 wp-block-columns-is-layout-flex\">\n<div class=\"wp-block-column is-layout-flow wp-block-column-is-layout-flow\">\n<p><strong>Hvad optager mig?<\/strong><\/p>\n\n\n\n<p>Jeg er optaget af, hvad der sker i vores relationer til andre og hvordan vi kan v\u00e6re os selv &#8211; sammen. Det er ikke den enkelte person eller det problem, der m\u00e5tte v\u00e6re, som er mit fokus, men mere fokus p\u00e5 dynamikken i relationerne. Relationen og kommunikationen er vigtig for mig i mit terapeutiske arbejde.<\/p>\n\n\n\n<p>Selvom situationer kan opleves som fastl\u00e5ste og sv\u00e6re, s\u00e5 er forandringer muligt, n\u00e5r vi ikke skal klare tingene alene. Min erfaring er at belastninger og traumer oftest opst\u00e5r i ensomhed og skal heles i f\u00e6llesskab.<\/p>\n\n\n\n<p>I mit arbejde er k\u00e6rligheden drivkraften for forandringer og udvikling. <\/p>\n<\/div>\n\n\n\n<div class=\"wp-block-column is-layout-flow wp-block-column-is-layout-flow\"><div class=\"wp-block-image\">\n<figure class=\"aligncenter size-full is-resized\"><img loading=\"lazy\" decoding=\"async\" width=\"714\" height=\"657\" src=\"https:\/\/anettehvirvelkaerterapi.dk\/wp-content\/uploads\/2023\/09\/selvportraet-graa-baggrund-staaende-lille-smil-lille.jpg\" alt=\"\" class=\"wp-image-648\" style=\"object-fit:contain;width:351px;height:514px\" srcset=\"https:\/\/anettehvirvelkaerterapi.dk\/wp-content\/uploads\/2023\/09\/selvportraet-graa-baggrund-staaende-lille-smil-lille.jpg 714w, https:\/\/anettehvirvelkaerterapi.dk\/wp-content\/uploads\/2023\/09\/selvportraet-graa-baggrund-staaende-lille-smil-lille-300x276.jpg 300w\" sizes=\"auto, (max-width: 714px) 100vw, 714px\" \/><\/figure>\n<\/div><\/div>\n<\/div>\n\n\n\n<p>Min terapeutiske tilgang er oplevelsesorienteret og det betyder, at jeg tager udgangspunkt i, hvad der sker direkte og her-og-nu i relationerne.<\/p>\n\n\n\n<p>Oplevelsesorienteret terapi tager udgangspunkt i b\u00e5de den eksistentielle og humanistisk terapitradition og i den systemorienterede t\u00e6nkning.<\/p>\n\n\n\n<p><strong>Hvor foreg\u00e5r samtalerne?<\/strong><\/p>\n\n\n\n<p>Samtalerne finder sted i min lejlighedsstue p\u00e5 Hasle Centervej 277, 4. th., 8210 Aarhus v. Gratis parkering muligt.<\/p>\n\n\n\n<p><\/p>\n\n\n\n<p>Som psykoterapeut, MPF (Medlem af Dansk Psykoterapeutisk Forening) er jeg underlagt tavshedspligt og Dansk Psykoterapeutisk Forenings etikregler.<\/p>\n\n\n\n<p>Jeg modtager l\u00f8bende supervision af en oplevelsesorienteret terapeut.<\/p>\n\n\n\n<p><\/p>\n\n\n\n<p><strong>Links<\/strong><\/p>\n\n\n\n<p><a href=\"https:\/\/psykoterapeutforeningen.dk\/\">Forside \u2013 Dansk Psykoterapeutforening (psykoterapeutforeningen.dk)<\/a><\/p>\n\n\n\n<p><a href=\"https:\/\/psykoterapeutforeningen.dk\/radgivning-og-karriere\/fag-og-etik\/etikregler\">Etikregler \u2013 Dansk Psykoterapeutforening (psykoterapeutforeningen.dk)<\/a><\/p>\n\n\n\n<p><a href=\"https:\/\/www.dfti.dk\/\">Dansk Familieterapeutisk Institut &#8211; DFTI<\/a><\/p>\n\n\n\n<p><a href=\"https:\/\/better-flow.dk\/behandleruniverset\/2aarig-efteruddannelse-hos-better-flow\/\">Efteruddannelse i kropsorienteret traumebehandling inspireret af Peter Levine (better-flow.dk)<\/a><\/p>\n\n\n\n<p><\/p>\n\n\n\n<p><\/p>\n","protected":false},"excerpt":{"rendered":"<p>Mit navn er Anette Hvirvelk\u00e6r (f. 1971) og jeg uddannet som socialr\u00e5dgiver i 2002. Jeg har siden arbejdet inden for det sociale omr\u00e5de, som bl.a. har inkluderet gadeplansarbejde, r\u00e5dgivning for unge, integration af flygtningefamilier og familiebehandlingsarbejde. I \u00f8vrigt har jeg v\u00e6ret ansat som kontaktperson for unge. Som frivillig ved CSM, Center for Seksuelt Misbrugte, Aarhus, har jeg haft individuelle samtaleforl\u00f8b og gruppeforl\u00f8b. Ogs\u00e5 v\u00e6ret frivillig co-terapeut hos TUBA til et gruppeforl\u00f8b for unge, som er vokset op med for\u00e6ldre med alkoholproblemer. Jeg har afsluttet en psykoterapeutisk efteruddannelse fra Dansk Familieterapeutisk Institut (DFTI) i Aarhus, med speciale i par og familier. Jeg er medlem af Dansk Psykoterapeutisk Forening og psykoterapeut MPF.&nbsp; I januar 2024 afsluttede jeg en 2-\u00e5rig efteruddannelse i kropsorienteret traumebehandling ved Better Flow. Hvad optager mig? Jeg er optaget af, hvad der sker i vores relationer til andre og hvordan vi kan v\u00e6re os selv &#8211; sammen. Det er&hellip;<\/p>\n<p> <a class=\"more-link\" href=\"https:\/\/anettehvirvelkaerterapi.dk\/index.php\/om-mig\/\">Read more<\/a><\/p>\n","protected":false},"author":1,"featured_media":443,"parent":0,"menu_order":0,"comment_status":"closed","ping_status":"closed","template":"","meta":{"footnotes":""},"class_list":["post-16","page","type-page","status-publish","has-post-thumbnail"],"yoast_head":"<!-- This site is optimized with the Yoast SEO plugin v23.6 - https:\/\/yoast.com\/wordpress\/plugins\/seo\/ -->\n<title>Om mig - AnetteHvirvelk&aelig;r Terapi<\/title>\n<meta name=\"robots\" content=\"noindex, follow, max-snippet:-1, max-image-preview:large, max-video-preview:-1\" \/>\n<meta property=\"og:locale\" content=\"da_DK\" \/>\n<meta property=\"og:type\" content=\"article\" \/>\n<meta property=\"og:title\" content=\"Om mig - AnetteHvirvelk&aelig;r Terapi\" \/>\n<meta property=\"og:description\" content=\"Mit navn er Anette Hvirvelk\u00e6r (f. 1971) og jeg uddannet som socialr\u00e5dgiver i 2002. Jeg har siden arbejdet inden for det sociale omr\u00e5de, som bl.a. har inkluderet gadeplansarbejde, r\u00e5dgivning for unge, integration af flygtningefamilier og familiebehandlingsarbejde. I \u00f8vrigt har jeg v\u00e6ret ansat som kontaktperson for unge. Som frivillig ved CSM, Center for Seksuelt Misbrugte, Aarhus, har jeg haft individuelle samtaleforl\u00f8b og gruppeforl\u00f8b. Ogs\u00e5 v\u00e6ret frivillig co-terapeut hos TUBA til et gruppeforl\u00f8b for unge, som er vokset op med for\u00e6ldre med alkoholproblemer. Jeg har afsluttet en psykoterapeutisk efteruddannelse fra Dansk Familieterapeutisk Institut (DFTI) i Aarhus, med speciale i par og familier. Jeg er medlem af Dansk Psykoterapeutisk Forening og psykoterapeut MPF.&nbsp; I januar 2024 afsluttede jeg en 2-\u00e5rig efteruddannelse i kropsorienteret traumebehandling ved Better Flow. Hvad optager mig? Jeg er optaget af, hvad der sker i vores relationer til andre og hvordan vi kan v\u00e6re os selv &#8211; sammen. Det er&hellip;  Read more\" \/>\n<meta property=\"og:url\" content=\"https:\/\/anettehvirvelkaerterapi.dk\/index.php\/om-mig\/\" \/>\n<meta property=\"og:site_name\" content=\"AnetteHvirvelk&aelig;r Terapi\" \/>\n<meta property=\"article:modified_time\" content=\"2026-02-01T11:42:11+00:00\" \/>\n<meta property=\"og:image\" content=\"https:\/\/anettehvirvelkaerterapi.dk\/wp-content\/uploads\/2023\/09\/IMG_20230902_131442-ommig-1-e1731242051538.jpg\" \/>\n\t<meta property=\"og:image:width\" content=\"2491\" \/>\n\t<meta property=\"og:image:height\" content=\"1071\" \/>\n\t<meta property=\"og:image:type\" content=\"image\/jpeg\" \/>\n<meta name=\"twitter:card\" content=\"summary_large_image\" \/>\n<meta name=\"twitter:label1\" content=\"Estimeret l\u00e6setid\" \/>\n\t<meta name=\"twitter:data1\" content=\"3 minutter\" \/>\n<script type=\"application\/ld+json\" class=\"yoast-schema-graph\">{\"@context\":\"https:\/\/schema.org\",\"@graph\":[{\"@type\":\"WebPage\",\"@id\":\"https:\/\/anettehvirvelkaerterapi.dk\/index.php\/om-mig\/\",\"url\":\"https:\/\/anettehvirvelkaerterapi.dk\/index.php\/om-mig\/\",\"name\":\"Om mig - AnetteHvirvelk&aelig;r Terapi\",\"isPartOf\":{\"@id\":\"https:\/\/anettehvirvelkaerterapi.dk\/#website\"},\"primaryImageOfPage\":{\"@id\":\"https:\/\/anettehvirvelkaerterapi.dk\/index.php\/om-mig\/#primaryimage\"},\"image\":{\"@id\":\"https:\/\/anettehvirvelkaerterapi.dk\/index.php\/om-mig\/#primaryimage\"},\"thumbnailUrl\":\"https:\/\/anettehvirvelkaerterapi.dk\/wp-content\/uploads\/2023\/09\/IMG_20230902_131442-ommig-1-e1731242051538.jpg\",\"datePublished\":\"2023-08-09T08:40:05+00:00\",\"dateModified\":\"2026-02-01T11:42:11+00:00\",\"breadcrumb\":{\"@id\":\"https:\/\/anettehvirvelkaerterapi.dk\/index.php\/om-mig\/#breadcrumb\"},\"inLanguage\":\"da-DK\",\"potentialAction\":[{\"@type\":\"ReadAction\",\"target\":[\"https:\/\/anettehvirvelkaerterapi.dk\/index.php\/om-mig\/\"]}]},{\"@type\":\"ImageObject\",\"inLanguage\":\"da-DK\",\"@id\":\"https:\/\/anettehvirvelkaerterapi.dk\/index.php\/om-mig\/#primaryimage\",\"url\":\"https:\/\/anettehvirvelkaerterapi.dk\/wp-content\/uploads\/2023\/09\/IMG_20230902_131442-ommig-1-e1731242051538.jpg\",\"contentUrl\":\"https:\/\/anettehvirvelkaerterapi.dk\/wp-content\/uploads\/2023\/09\/IMG_20230902_131442-ommig-1-e1731242051538.jpg\",\"width\":2491,\"height\":1071,\"caption\":\"samtaler n\u00e6rv\u00e6r tillid ro im\u00f8dekommenhed lytter set h\u00f8rer rummelig t\u00e5lmodighed nysgerrig\"},{\"@type\":\"BreadcrumbList\",\"@id\":\"https:\/\/anettehvirvelkaerterapi.dk\/index.php\/om-mig\/#breadcrumb\",\"itemListElement\":[{\"@type\":\"ListItem\",\"position\":1,\"name\":\"Hjem\",\"item\":\"https:\/\/anettehvirvelkaerterapi.dk\/\"},{\"@type\":\"ListItem\",\"position\":2,\"name\":\"Om mig\"}]},{\"@type\":\"WebSite\",\"@id\":\"https:\/\/anettehvirvelkaerterapi.dk\/#website\",\"url\":\"https:\/\/anettehvirvelkaerterapi.dk\/\",\"name\":\"AnetteHvirvelk&aelig;r Terapi\",\"description\":\"Samtaleterapi  til enkelt personer, par og familier og kropsorienteret behandling\",\"potentialAction\":[{\"@type\":\"SearchAction\",\"target\":{\"@type\":\"EntryPoint\",\"urlTemplate\":\"https:\/\/anettehvirvelkaerterapi.dk\/?s={search_term_string}\"},\"query-input\":{\"@type\":\"PropertyValueSpecification\",\"valueRequired\":true,\"valueName\":\"search_term_string\"}}],\"inLanguage\":\"da-DK\"}]}<\/script>\n<!-- \/ Yoast SEO plugin. -->","yoast_head_json":{"title":"Om mig - AnetteHvirvelk&aelig;r Terapi","robots":{"index":"noindex","follow":"follow","max-snippet":"max-snippet:-1","max-image-preview":"max-image-preview:large","max-video-preview":"max-video-preview:-1"},"og_locale":"da_DK","og_type":"article","og_title":"Om mig - AnetteHvirvelk&aelig;r Terapi","og_description":"Mit navn er Anette Hvirvelk\u00e6r (f. 1971) og jeg uddannet som socialr\u00e5dgiver i 2002. Jeg har siden arbejdet inden for det sociale omr\u00e5de, som bl.a. har inkluderet gadeplansarbejde, r\u00e5dgivning for unge, integration af flygtningefamilier og familiebehandlingsarbejde. I \u00f8vrigt har jeg v\u00e6ret ansat som kontaktperson for unge. Som frivillig ved CSM, Center for Seksuelt Misbrugte, Aarhus, har jeg haft individuelle samtaleforl\u00f8b og gruppeforl\u00f8b. Ogs\u00e5 v\u00e6ret frivillig co-terapeut hos TUBA til et gruppeforl\u00f8b for unge, som er vokset op med for\u00e6ldre med alkoholproblemer. Jeg har afsluttet en psykoterapeutisk efteruddannelse fra Dansk Familieterapeutisk Institut (DFTI) i Aarhus, med speciale i par og familier. Jeg er medlem af Dansk Psykoterapeutisk Forening og psykoterapeut MPF.&nbsp; I januar 2024 afsluttede jeg en 2-\u00e5rig efteruddannelse i kropsorienteret traumebehandling ved Better Flow. Hvad optager mig? Jeg er optaget af, hvad der sker i vores relationer til andre og hvordan vi kan v\u00e6re os selv &#8211; sammen. Det er&hellip;  Read more","og_url":"https:\/\/anettehvirvelkaerterapi.dk\/index.php\/om-mig\/","og_site_name":"AnetteHvirvelk&aelig;r Terapi","article_modified_time":"2026-02-01T11:42:11+00:00","og_image":[{"width":2491,"height":1071,"url":"https:\/\/anettehvirvelkaerterapi.dk\/wp-content\/uploads\/2023\/09\/IMG_20230902_131442-ommig-1-e1731242051538.jpg","type":"image\/jpeg"}],"twitter_card":"summary_large_image","twitter_misc":{"Estimeret l\u00e6setid":"3 minutter"},"schema":{"@context":"https:\/\/schema.org","@graph":[{"@type":"WebPage","@id":"https:\/\/anettehvirvelkaerterapi.dk\/index.php\/om-mig\/","url":"https:\/\/anettehvirvelkaerterapi.dk\/index.php\/om-mig\/","name":"Om mig - AnetteHvirvelk&aelig;r Terapi","isPartOf":{"@id":"https:\/\/anettehvirvelkaerterapi.dk\/#website"},"primaryImageOfPage":{"@id":"https:\/\/anettehvirvelkaerterapi.dk\/index.php\/om-mig\/#primaryimage"},"image":{"@id":"https:\/\/anettehvirvelkaerterapi.dk\/index.php\/om-mig\/#primaryimage"},"thumbnailUrl":"https:\/\/anettehvirvelkaerterapi.dk\/wp-content\/uploads\/2023\/09\/IMG_20230902_131442-ommig-1-e1731242051538.jpg","datePublished":"2023-08-09T08:40:05+00:00","dateModified":"2026-02-01T11:42:11+00:00","breadcrumb":{"@id":"https:\/\/anettehvirvelkaerterapi.dk\/index.php\/om-mig\/#breadcrumb"},"inLanguage":"da-DK","potentialAction":[{"@type":"ReadAction","target":["https:\/\/anettehvirvelkaerterapi.dk\/index.php\/om-mig\/"]}]},{"@type":"ImageObject","inLanguage":"da-DK","@id":"https:\/\/anettehvirvelkaerterapi.dk\/index.php\/om-mig\/#primaryimage","url":"https:\/\/anettehvirvelkaerterapi.dk\/wp-content\/uploads\/2023\/09\/IMG_20230902_131442-ommig-1-e1731242051538.jpg","contentUrl":"https:\/\/anettehvirvelkaerterapi.dk\/wp-content\/uploads\/2023\/09\/IMG_20230902_131442-ommig-1-e1731242051538.jpg","width":2491,"height":1071,"caption":"samtaler n\u00e6rv\u00e6r tillid ro im\u00f8dekommenhed lytter set h\u00f8rer rummelig t\u00e5lmodighed nysgerrig"},{"@type":"BreadcrumbList","@id":"https:\/\/anettehvirvelkaerterapi.dk\/index.php\/om-mig\/#breadcrumb","itemListElement":[{"@type":"ListItem","position":1,"name":"Hjem","item":"https:\/\/anettehvirvelkaerterapi.dk\/"},{"@type":"ListItem","position":2,"name":"Om mig"}]},{"@type":"WebSite","@id":"https:\/\/anettehvirvelkaerterapi.dk\/#website","url":"https:\/\/anettehvirvelkaerterapi.dk\/","name":"AnetteHvirvelk&aelig;r Terapi","description":"Samtaleterapi  til enkelt personer, par og familier og kropsorienteret behandling","potentialAction":[{"@type":"SearchAction","target":{"@type":"EntryPoint","urlTemplate":"https:\/\/anettehvirvelkaerterapi.dk\/?s={search_term_string}"},"query-input":{"@type":"PropertyValueSpecification","valueRequired":true,"valueName":"search_term_string"}}],"inLanguage":"da-DK"}]}},"_links":{"self":[{"href":"https:\/\/anettehvirvelkaerterapi.dk\/index.php\/wp-json\/wp\/v2\/pages\/16","targetHints":{"allow":["GET"]}}],"collection":[{"href":"https:\/\/anettehvirvelkaerterapi.dk\/index.php\/wp-json\/wp\/v2\/pages"}],"about":[{"href":"https:\/\/anettehvirvelkaerterapi.dk\/index.php\/wp-json\/wp\/v2\/types\/page"}],"author":[{"embeddable":true,"href":"https:\/\/anettehvirvelkaerterapi.dk\/index.php\/wp-json\/wp\/v2\/users\/1"}],"replies":[{"embeddable":true,"href":"https:\/\/anettehvirvelkaerterapi.dk\/index.php\/wp-json\/wp\/v2\/comments?post=16"}],"version-history":[{"count":46,"href":"https:\/\/anettehvirvelkaerterapi.dk\/index.php\/wp-json\/wp\/v2\/pages\/16\/revisions"}],"predecessor-version":[{"id":713,"href":"https:\/\/anettehvirvelkaerterapi.dk\/index.php\/wp-json\/wp\/v2\/pages\/16\/revisions\/713"}],"wp:featuredmedia":[{"embeddable":true,"href":"https:\/\/anettehvirvelkaerterapi.dk\/index.php\/wp-json\/wp\/v2\/media\/443"}],"wp:attachment":[{"href":"https:\/\/anettehvirvelkaerterapi.dk\/index.php\/wp-json\/wp\/v2\/media?parent=16"}],"curies":[{"name":"wp","href":"https:\/\/api.w.org\/{rel}","templated":true}]}}