{"id":35,"date":"2023-08-09T09:06:49","date_gmt":"2023-08-09T09:06:49","guid":{"rendered":"https:\/\/xn--anettehvirvelkrterapi-s3b.dk\/?page_id=35"},"modified":"2024-08-13T15:11:58","modified_gmt":"2024-08-13T15:11:58","slug":"anette-hvirvelkaer-terapi","status":"publish","type":"page","link":"https:\/\/anettehvirvelkaerterapi.dk\/","title":{"rendered":"Oplevelsesorienteret terapi"},"content":{"rendered":"\n<p><\/p>\n\n\n\n<p><\/p>\n\n\n\n<p>Jeg hedder Anette Hvirvelk\u00e6r og tilbyder oplevelsesorienteret samtaleterapi til enkeltpersoner, par og familier.<\/p>\n\n\n\n<p>Terapisamtalerne tager udgangspunkt i det, som fylder hos dig\/jer. <\/p>\n\n\n\n<p>Det kan v\u00e6re; <\/p>\n\n\n\n<ul class=\"wp-block-list\">\n<li>at du f\u00f8ler dig trist, modl\u00f8s og har lav selvf\u00f8lelse<\/li>\n\n\n\n<li>at du har oplevet\/oplever st\u00f8rre livs\u00e6ndrende begivenheder som sorg og tab i forbindelse med  d\u00f8dsfald, sygdom, brudte forhold<\/li>\n\n\n\n<li>at du\/I oplever at befinde jer i uforl\u00f8ste konflikter eller diskussioner, som g\u00e5r i ring og som skaber distance mellem jer <\/li>\n\n\n\n<li>at I er uenige om, hvordan I vil v\u00e6re sammen i jeres familie.<\/li>\n\n\n\n<li>at I er blevet til en sammenbragt familie og brug for samtaler om, hvordan I er sammen som en ny familie.<\/li>\n<\/ul>\n\n\n\n<p>Det vigtige for vores udvikling og trivsel er, hvordan vi har det med dem, vi holder af, lever sammen med, og\/eller er i familie med. Relationer er vigtige for, at vi har det godt &#8211; og ogs\u00e5 at det er relationer, hvor vi oplever, at vi kan v\u00e6re og lide os selv sammen med andre. <\/p>\n\n\n\n<p>N\u00e5r tingene bliver sv\u00e6rere end n\u00f8dvendigt, kan det v\u00e6re givtigt at dele tanker og overvejelser for at f\u00e5 mere lethed og gl\u00e6de ind i sit liv og i relationer til andre &#8211; s\u00e5 kan det v\u00e6re, at du\/I har brug for en samtale sammen med mig.<\/p>\n\n\n\n<p>Hvis du har brug for f\u00e6rre ord og mere fokus p\u00e5 kropslig behandling, s\u00e5 det ogs\u00e5 muligt. Se mere under afsnittet &#8220;Kropsorienteret&#8221;.<\/p>\n","protected":false},"excerpt":{"rendered":"<p>Jeg hedder Anette Hvirvelk\u00e6r og tilbyder oplevelsesorienteret samtaleterapi til enkeltpersoner, par og familier. Terapisamtalerne tager udgangspunkt i det, som fylder hos dig\/jer. Det kan v\u00e6re; Det vigtige for vores udvikling og trivsel er, hvordan vi har det med dem, vi holder af, lever sammen med, og\/eller er i familie med. Relationer er vigtige for, at vi har det godt &#8211; og ogs\u00e5 at det er relationer, hvor vi oplever, at vi kan v\u00e6re og lide os selv sammen med andre. N\u00e5r tingene bliver sv\u00e6rere end n\u00f8dvendigt, kan det v\u00e6re givtigt at dele tanker og overvejelser for at f\u00e5 mere lethed og gl\u00e6de ind i sit liv og i relationer til andre &#8211; s\u00e5 kan det v\u00e6re, at du\/I har brug for en samtale sammen med mig. Hvis du har brug for f\u00e6rre ord og mere fokus p\u00e5 kropslig behandling, s\u00e5 det ogs\u00e5 muligt. Se mere under afsnittet &#8220;Kropsorienteret&#8221;.<\/p>\n","protected":false},"author":1,"featured_media":437,"parent":0,"menu_order":0,"comment_status":"closed","ping_status":"closed","template":"","meta":{"footnotes":""},"class_list":["post-35","page","type-page","status-publish","has-post-thumbnail"],"yoast_head":"<!-- This site is optimized with the Yoast SEO plugin v23.6 - https:\/\/yoast.com\/wordpress\/plugins\/seo\/ -->\n<title>Oplevelsesorienteret terapi - AnetteHvirvelk&aelig;r Terapi<\/title>\n<meta name=\"description\" content=\"Samtaleterapi til enkelt personer, par og familier, som kan opleve at problemer k\u00f8rer i ring og som tr\u00e6nger til nye perspektiver og hj\u00e6lp til, hvordan det kan v\u00e6re anderledes. Par- og familietjek er ogs\u00e5 en mulighed, hvis I vil tage en status p\u00e5 jeres samv\u00e6r med hinanden.\" \/>\n<meta name=\"robots\" content=\"noindex, follow, max-snippet:-1, max-image-preview:large, max-video-preview:-1\" \/>\n<meta property=\"og:locale\" content=\"da_DK\" \/>\n<meta property=\"og:type\" content=\"article\" \/>\n<meta property=\"og:title\" content=\"Oplevelsesorienteret terapi - AnetteHvirvelk&aelig;r Terapi\" \/>\n<meta property=\"og:description\" content=\"Samtaleterapi til enkelt personer, par og familier, som kan opleve at problemer k\u00f8rer i ring og som tr\u00e6nger til nye perspektiver og hj\u00e6lp til, hvordan det kan v\u00e6re anderledes. Par- og familietjek er ogs\u00e5 en mulighed, hvis I vil tage en status p\u00e5 jeres samv\u00e6r med hinanden.\" \/>\n<meta property=\"og:url\" content=\"https:\/\/anettehvirvelkaerterapi.dk\/\" \/>\n<meta property=\"og:site_name\" content=\"AnetteHvirvelk&aelig;r Terapi\" \/>\n<meta property=\"article:modified_time\" content=\"2024-08-13T15:11:58+00:00\" \/>\n<meta property=\"og:image\" content=\"https:\/\/anettehvirvelkaerterapi.dk\/wp-content\/uploads\/2023\/09\/uendelig-bro-redi-1-scaled.jpg\" \/>\n\t<meta property=\"og:image:width\" content=\"1189\" \/>\n\t<meta property=\"og:image:height\" content=\"2560\" \/>\n\t<meta property=\"og:image:type\" content=\"image\/jpeg\" \/>\n<meta name=\"twitter:card\" content=\"summary_large_image\" \/>\n<meta name=\"twitter:label1\" content=\"Estimeret l\u00e6setid\" \/>\n\t<meta name=\"twitter:data1\" content=\"2 minutter\" \/>\n<script type=\"application\/ld+json\" class=\"yoast-schema-graph\">{\"@context\":\"https:\/\/schema.org\",\"@graph\":[{\"@type\":\"WebPage\",\"@id\":\"https:\/\/anettehvirvelkaerterapi.dk\/\",\"url\":\"https:\/\/anettehvirvelkaerterapi.dk\/\",\"name\":\"Oplevelsesorienteret terapi - AnetteHvirvelk&aelig;r Terapi\",\"isPartOf\":{\"@id\":\"https:\/\/anettehvirvelkaerterapi.dk\/#website\"},\"primaryImageOfPage\":{\"@id\":\"https:\/\/anettehvirvelkaerterapi.dk\/#primaryimage\"},\"image\":{\"@id\":\"https:\/\/anettehvirvelkaerterapi.dk\/#primaryimage\"},\"thumbnailUrl\":\"https:\/\/anettehvirvelkaerterapi.dk\/wp-content\/uploads\/2023\/09\/uendelig-bro-redi-1-scaled.jpg\",\"datePublished\":\"2023-08-09T09:06:49+00:00\",\"dateModified\":\"2024-08-13T15:11:58+00:00\",\"description\":\"Samtaleterapi til enkelt personer, par og familier, som kan opleve at problemer k\u00f8rer i ring og som tr\u00e6nger til nye perspektiver og hj\u00e6lp til, hvordan det kan v\u00e6re anderledes. Par- og familietjek er ogs\u00e5 en mulighed, hvis I vil tage en status p\u00e5 jeres samv\u00e6r med hinanden.\",\"breadcrumb\":{\"@id\":\"https:\/\/anettehvirvelkaerterapi.dk\/#breadcrumb\"},\"inLanguage\":\"da-DK\",\"potentialAction\":[{\"@type\":\"ReadAction\",\"target\":[\"https:\/\/anettehvirvelkaerterapi.dk\/\"]}]},{\"@type\":\"ImageObject\",\"inLanguage\":\"da-DK\",\"@id\":\"https:\/\/anettehvirvelkaerterapi.dk\/#primaryimage\",\"url\":\"https:\/\/anettehvirvelkaerterapi.dk\/wp-content\/uploads\/2023\/09\/uendelig-bro-redi-1-scaled.jpg\",\"contentUrl\":\"https:\/\/anettehvirvelkaerterapi.dk\/wp-content\/uploads\/2023\/09\/uendelig-bro-redi-1-scaled.jpg\",\"width\":1189,\"height\":2560,\"caption\":\"ro n\u00e6rv\u00e6r forandringer selvv\u00e6rd terapi samtale selvtillid\"},{\"@type\":\"BreadcrumbList\",\"@id\":\"https:\/\/anettehvirvelkaerterapi.dk\/#breadcrumb\",\"itemListElement\":[{\"@type\":\"ListItem\",\"position\":1,\"name\":\"Hjem\",\"item\":\"https:\/\/anettehvirvelkaerterapi.dk\/\"},{\"@type\":\"ListItem\",\"position\":2,\"name\":\"Oplevelsesorienteret terapi\"}]},{\"@type\":\"WebSite\",\"@id\":\"https:\/\/anettehvirvelkaerterapi.dk\/#website\",\"url\":\"https:\/\/anettehvirvelkaerterapi.dk\/\",\"name\":\"AnetteHvirvelk&aelig;r Terapi\",\"description\":\"Samtaleterapi  til enkelt personer, par og familier og kropsorienteret behandling\",\"potentialAction\":[{\"@type\":\"SearchAction\",\"target\":{\"@type\":\"EntryPoint\",\"urlTemplate\":\"https:\/\/anettehvirvelkaerterapi.dk\/?s={search_term_string}\"},\"query-input\":{\"@type\":\"PropertyValueSpecification\",\"valueRequired\":true,\"valueName\":\"search_term_string\"}}],\"inLanguage\":\"da-DK\"}]}<\/script>\n<!-- \/ Yoast SEO plugin. -->","yoast_head_json":{"title":"Oplevelsesorienteret terapi - AnetteHvirvelk&aelig;r Terapi","description":"Samtaleterapi til enkelt personer, par og familier, som kan opleve at problemer k\u00f8rer i ring og som tr\u00e6nger til nye perspektiver og hj\u00e6lp til, hvordan det kan v\u00e6re anderledes. Par- og familietjek er ogs\u00e5 en mulighed, hvis I vil tage en status p\u00e5 jeres samv\u00e6r med hinanden.","robots":{"index":"noindex","follow":"follow","max-snippet":"max-snippet:-1","max-image-preview":"max-image-preview:large","max-video-preview":"max-video-preview:-1"},"og_locale":"da_DK","og_type":"article","og_title":"Oplevelsesorienteret terapi - AnetteHvirvelk&aelig;r Terapi","og_description":"Samtaleterapi til enkelt personer, par og familier, som kan opleve at problemer k\u00f8rer i ring og som tr\u00e6nger til nye perspektiver og hj\u00e6lp til, hvordan det kan v\u00e6re anderledes. Par- og familietjek er ogs\u00e5 en mulighed, hvis I vil tage en status p\u00e5 jeres samv\u00e6r med hinanden.","og_url":"https:\/\/anettehvirvelkaerterapi.dk\/","og_site_name":"AnetteHvirvelk&aelig;r Terapi","article_modified_time":"2024-08-13T15:11:58+00:00","og_image":[{"width":1189,"height":2560,"url":"https:\/\/anettehvirvelkaerterapi.dk\/wp-content\/uploads\/2023\/09\/uendelig-bro-redi-1-scaled.jpg","type":"image\/jpeg"}],"twitter_card":"summary_large_image","twitter_misc":{"Estimeret l\u00e6setid":"2 minutter"},"schema":{"@context":"https:\/\/schema.org","@graph":[{"@type":"WebPage","@id":"https:\/\/anettehvirvelkaerterapi.dk\/","url":"https:\/\/anettehvirvelkaerterapi.dk\/","name":"Oplevelsesorienteret terapi - AnetteHvirvelk&aelig;r Terapi","isPartOf":{"@id":"https:\/\/anettehvirvelkaerterapi.dk\/#website"},"primaryImageOfPage":{"@id":"https:\/\/anettehvirvelkaerterapi.dk\/#primaryimage"},"image":{"@id":"https:\/\/anettehvirvelkaerterapi.dk\/#primaryimage"},"thumbnailUrl":"https:\/\/anettehvirvelkaerterapi.dk\/wp-content\/uploads\/2023\/09\/uendelig-bro-redi-1-scaled.jpg","datePublished":"2023-08-09T09:06:49+00:00","dateModified":"2024-08-13T15:11:58+00:00","description":"Samtaleterapi til enkelt personer, par og familier, som kan opleve at problemer k\u00f8rer i ring og som tr\u00e6nger til nye perspektiver og hj\u00e6lp til, hvordan det kan v\u00e6re anderledes. Par- og familietjek er ogs\u00e5 en mulighed, hvis I vil tage en status p\u00e5 jeres samv\u00e6r med hinanden.","breadcrumb":{"@id":"https:\/\/anettehvirvelkaerterapi.dk\/#breadcrumb"},"inLanguage":"da-DK","potentialAction":[{"@type":"ReadAction","target":["https:\/\/anettehvirvelkaerterapi.dk\/"]}]},{"@type":"ImageObject","inLanguage":"da-DK","@id":"https:\/\/anettehvirvelkaerterapi.dk\/#primaryimage","url":"https:\/\/anettehvirvelkaerterapi.dk\/wp-content\/uploads\/2023\/09\/uendelig-bro-redi-1-scaled.jpg","contentUrl":"https:\/\/anettehvirvelkaerterapi.dk\/wp-content\/uploads\/2023\/09\/uendelig-bro-redi-1-scaled.jpg","width":1189,"height":2560,"caption":"ro n\u00e6rv\u00e6r forandringer selvv\u00e6rd terapi samtale selvtillid"},{"@type":"BreadcrumbList","@id":"https:\/\/anettehvirvelkaerterapi.dk\/#breadcrumb","itemListElement":[{"@type":"ListItem","position":1,"name":"Hjem","item":"https:\/\/anettehvirvelkaerterapi.dk\/"},{"@type":"ListItem","position":2,"name":"Oplevelsesorienteret terapi"}]},{"@type":"WebSite","@id":"https:\/\/anettehvirvelkaerterapi.dk\/#website","url":"https:\/\/anettehvirvelkaerterapi.dk\/","name":"AnetteHvirvelk&aelig;r Terapi","description":"Samtaleterapi  til enkelt personer, par og familier og kropsorienteret behandling","potentialAction":[{"@type":"SearchAction","target":{"@type":"EntryPoint","urlTemplate":"https:\/\/anettehvirvelkaerterapi.dk\/?s={search_term_string}"},"query-input":{"@type":"PropertyValueSpecification","valueRequired":true,"valueName":"search_term_string"}}],"inLanguage":"da-DK"}]}},"_links":{"self":[{"href":"https:\/\/anettehvirvelkaerterapi.dk\/index.php\/wp-json\/wp\/v2\/pages\/35","targetHints":{"allow":["GET"]}}],"collection":[{"href":"https:\/\/anettehvirvelkaerterapi.dk\/index.php\/wp-json\/wp\/v2\/pages"}],"about":[{"href":"https:\/\/anettehvirvelkaerterapi.dk\/index.php\/wp-json\/wp\/v2\/types\/page"}],"author":[{"embeddable":true,"href":"https:\/\/anettehvirvelkaerterapi.dk\/index.php\/wp-json\/wp\/v2\/users\/1"}],"replies":[{"embeddable":true,"href":"https:\/\/anettehvirvelkaerterapi.dk\/index.php\/wp-json\/wp\/v2\/comments?post=35"}],"version-history":[{"count":44,"href":"https:\/\/anettehvirvelkaerterapi.dk\/index.php\/wp-json\/wp\/v2\/pages\/35\/revisions"}],"predecessor-version":[{"id":697,"href":"https:\/\/anettehvirvelkaerterapi.dk\/index.php\/wp-json\/wp\/v2\/pages\/35\/revisions\/697"}],"wp:featuredmedia":[{"embeddable":true,"href":"https:\/\/anettehvirvelkaerterapi.dk\/index.php\/wp-json\/wp\/v2\/media\/437"}],"wp:attachment":[{"href":"https:\/\/anettehvirvelkaerterapi.dk\/index.php\/wp-json\/wp\/v2\/media?parent=35"}],"curies":[{"name":"wp","href":"https:\/\/api.w.org\/{rel}","templated":true}]}}