{"id":39,"date":"2023-08-09T09:09:00","date_gmt":"2023-08-09T09:09:00","guid":{"rendered":"https:\/\/xn--anettehvirvelkrterapi-s3b.dk\/?page_id=39"},"modified":"2024-03-23T15:41:53","modified_gmt":"2024-03-23T15:41:53","slug":"individuel","status":"publish","type":"page","link":"https:\/\/anettehvirvelkaerterapi.dk\/index.php\/psykoterapi\/individuel\/","title":{"rendered":"Individuel"},"content":{"rendered":"\n<p><\/p>\n\n\n\n<p><\/p>\n\n\n\n<p>Ingen mennesker g\u00e5r igennem livet uden at opleve smerte eller vanskeligheder. Til tider kan det synes uoverskueligt og sv\u00e6rt at skulle h\u00e5ndtere vanskelighederne alene &#8211; og det kan v\u00e6re brugbart, at du taler med en terapeut.<\/p>\n\n\n\n<p>Oplevelserne som fylder mere end der er godt for dig lige nu, kan v\u00e6re mange og sammensatte. Oftest er de kendetegnet ved, at man kan f\u00f8le sig fastl\u00e5st og stagneret i sit liv.<\/p>\n\n\n\n<p>Der kan v\u00e6re tale om:<\/p>\n\n\n\n<ul class=\"wp-block-list\">\n<li>Sv\u00e6re familierelationer, som p\u00e5virker din hverdag p\u00e5 en uhensigtsm\u00e6ssig m\u00e5de.<\/li>\n\n\n\n<li>Problematisk fortid som indvirker p\u00e5, hvordan du f\u00f8ler og har det i nuv\u00e6rende og n\u00e6re relationer.<\/li>\n\n\n\n<li>Ensomhed, tristhed og modl\u00f8shed.<\/li>\n\n\n\n<li>Sv\u00e6rt ved at s\u00e6tte gr\u00e6nser og \u00f8nske om at passe bedre p\u00e5 dig selv.<\/li>\n\n\n\n<li>Eksistentielle kriser fx i forbindelse med sorg og tab, brudte forhold, l\u00e6ngsel og savn efter tillid og tryghed.<\/li>\n<\/ul>\n\n\n\n<p>Derfor kan individuel terapi v\u00e6re noget for dig. Et rum, hvor du sammen med mig, f\u00e5r set p\u00e5 de m\u00f8nstre og dynamikker, som du gerne vil ud af &#8211; og f\u00e5r nye erfaringer med, hvordan du kan g\u00f8re noget andet. Forandring af dine strategier og m\u00f8nstre, kan medvirke til at du f\u00e5r mere gl\u00e6de og lethed i dit liv.<\/p>\n\n\n\n<div class=\"wp-block-columns is-layout-flex wp-container-core-columns-is-layout-9d6595d7 wp-block-columns-is-layout-flex\">\n<div class=\"wp-block-column is-layout-flow wp-block-column-is-layout-flow\" style=\"flex-basis:66.66%\">\n<p>Terapien tager udgangspunkt i det, som optager og fylder hos dig og intet er for sm\u00e5t at tale om.<\/p>\n<\/div>\n\n\n\n<div class=\"wp-block-column is-layout-flow wp-block-column-is-layout-flow\" style=\"flex-basis:33.33%\">\n<figure class=\"wp-block-image size-large is-resized\"><img loading=\"lazy\" decoding=\"async\" src=\"https:\/\/anettehvirvelkaerterapi.dk\/wp-content\/uploads\/2023\/09\/sten-i-haandnyeste-916x1024.jpg\" alt=\"\" class=\"wp-image-425\" style=\"width:278px;height:257px\" width=\"278\" height=\"257\"\/><\/figure>\n<\/div>\n<\/div>\n\n\n\n<div class=\"wp-block-columns is-layout-flex wp-container-core-columns-is-layout-9d6595d7 wp-block-columns-is-layout-flex\">\n<div class=\"wp-block-column is-layout-flow wp-block-column-is-layout-flow\"><\/div>\n<\/div>\n","protected":false},"excerpt":{"rendered":"<p>Ingen mennesker g\u00e5r igennem livet uden at opleve smerte eller vanskeligheder. Til tider kan det synes uoverskueligt og sv\u00e6rt at skulle h\u00e5ndtere vanskelighederne alene &#8211; og det kan v\u00e6re brugbart, at du taler med en terapeut. Oplevelserne som fylder mere end der er godt for dig lige nu, kan v\u00e6re mange og sammensatte. Oftest er de kendetegnet ved, at man kan f\u00f8le sig fastl\u00e5st og stagneret i sit liv. Der kan v\u00e6re tale om: Derfor kan individuel terapi v\u00e6re noget for dig. Et rum, hvor du sammen med mig, f\u00e5r set p\u00e5 de m\u00f8nstre og dynamikker, som du gerne vil ud af &#8211; og f\u00e5r nye erfaringer med, hvordan du kan g\u00f8re noget andet. Forandring af dine strategier og m\u00f8nstre, kan medvirke til at du f\u00e5r mere gl\u00e6de og lethed i dit liv. Terapien tager udgangspunkt i det, som optager og fylder hos dig og intet er for sm\u00e5t at&hellip;<\/p>\n<p> <a class=\"more-link\" href=\"https:\/\/anettehvirvelkaerterapi.dk\/index.php\/psykoterapi\/individuel\/\">Read more<\/a><\/p>\n","protected":false},"author":1,"featured_media":267,"parent":7,"menu_order":0,"comment_status":"closed","ping_status":"closed","template":"","meta":{"footnotes":""},"class_list":["post-39","page","type-page","status-publish","has-post-thumbnail"],"yoast_head":"<!-- This site is optimized with the Yoast SEO plugin v23.6 - https:\/\/yoast.com\/wordpress\/plugins\/seo\/ -->\n<title>Individuel - AnetteHvirvelk&aelig;r Terapi<\/title>\n<meta name=\"description\" content=\"Med individuel terapi kan du f\u00e5r andre perspektiver p\u00e5 sin situation og hvordan du kan blive bedre i stand til at f\u00e5 mere af det som du har brug for i dit liv.\" \/>\n<meta name=\"robots\" content=\"noindex, follow, max-snippet:-1, max-image-preview:large, max-video-preview:-1\" \/>\n<meta property=\"og:locale\" content=\"da_DK\" \/>\n<meta property=\"og:type\" content=\"article\" \/>\n<meta property=\"og:title\" content=\"Individuel - AnetteHvirvelk&aelig;r Terapi\" \/>\n<meta property=\"og:description\" content=\"Med individuel terapi kan du f\u00e5r andre perspektiver p\u00e5 sin situation og hvordan du kan blive bedre i stand til at f\u00e5 mere af det som du har brug for i dit liv.\" \/>\n<meta property=\"og:url\" content=\"https:\/\/anettehvirvelkaerterapi.dk\/index.php\/psykoterapi\/individuel\/\" \/>\n<meta property=\"og:site_name\" content=\"AnetteHvirvelk&aelig;r Terapi\" \/>\n<meta property=\"article:modified_time\" content=\"2024-03-23T15:41:53+00:00\" \/>\n<meta property=\"og:image\" content=\"https:\/\/anettehvirvelkaerterapi.dk\/wp-content\/uploads\/2023\/08\/sten-i-haand1-scaled-e1692462648467.jpg\" \/>\n\t<meta property=\"og:image:width\" content=\"1920\" \/>\n\t<meta property=\"og:image:height\" content=\"1774\" \/>\n\t<meta property=\"og:image:type\" content=\"image\/jpeg\" \/>\n<meta name=\"twitter:card\" content=\"summary_large_image\" \/>\n<meta name=\"twitter:label1\" content=\"Estimeret l\u00e6setid\" \/>\n\t<meta name=\"twitter:data1\" content=\"2 minutter\" \/>\n<script type=\"application\/ld+json\" class=\"yoast-schema-graph\">{\"@context\":\"https:\/\/schema.org\",\"@graph\":[{\"@type\":\"WebPage\",\"@id\":\"https:\/\/anettehvirvelkaerterapi.dk\/index.php\/psykoterapi\/individuel\/\",\"url\":\"https:\/\/anettehvirvelkaerterapi.dk\/index.php\/psykoterapi\/individuel\/\",\"name\":\"Individuel - AnetteHvirvelk&aelig;r Terapi\",\"isPartOf\":{\"@id\":\"https:\/\/anettehvirvelkaerterapi.dk\/#website\"},\"primaryImageOfPage\":{\"@id\":\"https:\/\/anettehvirvelkaerterapi.dk\/index.php\/psykoterapi\/individuel\/#primaryimage\"},\"image\":{\"@id\":\"https:\/\/anettehvirvelkaerterapi.dk\/index.php\/psykoterapi\/individuel\/#primaryimage\"},\"thumbnailUrl\":\"https:\/\/anettehvirvelkaerterapi.dk\/wp-content\/uploads\/2023\/08\/sten-i-haand1-scaled-e1692462648467.jpg\",\"datePublished\":\"2023-08-09T09:09:00+00:00\",\"dateModified\":\"2024-03-23T15:41:53+00:00\",\"description\":\"Med individuel terapi kan du f\u00e5r andre perspektiver p\u00e5 sin situation og hvordan du kan blive bedre i stand til at f\u00e5 mere af det som du har brug for i dit liv.\",\"breadcrumb\":{\"@id\":\"https:\/\/anettehvirvelkaerterapi.dk\/index.php\/psykoterapi\/individuel\/#breadcrumb\"},\"inLanguage\":\"da-DK\",\"potentialAction\":[{\"@type\":\"ReadAction\",\"target\":[\"https:\/\/anettehvirvelkaerterapi.dk\/index.php\/psykoterapi\/individuel\/\"]}]},{\"@type\":\"ImageObject\",\"inLanguage\":\"da-DK\",\"@id\":\"https:\/\/anettehvirvelkaerterapi.dk\/index.php\/psykoterapi\/individuel\/#primaryimage\",\"url\":\"https:\/\/anettehvirvelkaerterapi.dk\/wp-content\/uploads\/2023\/08\/sten-i-haand1-scaled-e1692462648467.jpg\",\"contentUrl\":\"https:\/\/anettehvirvelkaerterapi.dk\/wp-content\/uploads\/2023\/08\/sten-i-haand1-scaled-e1692462648467.jpg\",\"width\":1920,\"height\":1774,\"caption\":\"mig egenomsorg omsorg trivsel indre gl\u00e6de ro mistrivsel stress depressiv \u00e6ngstelig ensomhed alene savn tab sorg kulturelle konflikter afstand n\u00e6rv\u00e6r misforst\u00e5elser kommunikation bro\"},{\"@type\":\"BreadcrumbList\",\"@id\":\"https:\/\/anettehvirvelkaerterapi.dk\/index.php\/psykoterapi\/individuel\/#breadcrumb\",\"itemListElement\":[{\"@type\":\"ListItem\",\"position\":1,\"name\":\"Hjem\",\"item\":\"https:\/\/anettehvirvelkaerterapi.dk\/\"},{\"@type\":\"ListItem\",\"position\":2,\"name\":\"Psykoterapi\",\"item\":\"https:\/\/anettehvirvelkaerterapi.dk\/index.php\/psykoterapi\/\"},{\"@type\":\"ListItem\",\"position\":3,\"name\":\"Individuel\"}]},{\"@type\":\"WebSite\",\"@id\":\"https:\/\/anettehvirvelkaerterapi.dk\/#website\",\"url\":\"https:\/\/anettehvirvelkaerterapi.dk\/\",\"name\":\"AnetteHvirvelk&aelig;r Terapi\",\"description\":\"Samtaleterapi  til enkelt personer, par og familier og kropsorienteret behandling\",\"potentialAction\":[{\"@type\":\"SearchAction\",\"target\":{\"@type\":\"EntryPoint\",\"urlTemplate\":\"https:\/\/anettehvirvelkaerterapi.dk\/?s={search_term_string}\"},\"query-input\":{\"@type\":\"PropertyValueSpecification\",\"valueRequired\":true,\"valueName\":\"search_term_string\"}}],\"inLanguage\":\"da-DK\"}]}<\/script>\n<!-- \/ Yoast SEO plugin. -->","yoast_head_json":{"title":"Individuel - AnetteHvirvelk&aelig;r Terapi","description":"Med individuel terapi kan du f\u00e5r andre perspektiver p\u00e5 sin situation og hvordan du kan blive bedre i stand til at f\u00e5 mere af det som du har brug for i dit liv.","robots":{"index":"noindex","follow":"follow","max-snippet":"max-snippet:-1","max-image-preview":"max-image-preview:large","max-video-preview":"max-video-preview:-1"},"og_locale":"da_DK","og_type":"article","og_title":"Individuel - AnetteHvirvelk&aelig;r Terapi","og_description":"Med individuel terapi kan du f\u00e5r andre perspektiver p\u00e5 sin situation og hvordan du kan blive bedre i stand til at f\u00e5 mere af det som du har brug for i dit liv.","og_url":"https:\/\/anettehvirvelkaerterapi.dk\/index.php\/psykoterapi\/individuel\/","og_site_name":"AnetteHvirvelk&aelig;r Terapi","article_modified_time":"2024-03-23T15:41:53+00:00","og_image":[{"width":1920,"height":1774,"url":"https:\/\/anettehvirvelkaerterapi.dk\/wp-content\/uploads\/2023\/08\/sten-i-haand1-scaled-e1692462648467.jpg","type":"image\/jpeg"}],"twitter_card":"summary_large_image","twitter_misc":{"Estimeret l\u00e6setid":"2 minutter"},"schema":{"@context":"https:\/\/schema.org","@graph":[{"@type":"WebPage","@id":"https:\/\/anettehvirvelkaerterapi.dk\/index.php\/psykoterapi\/individuel\/","url":"https:\/\/anettehvirvelkaerterapi.dk\/index.php\/psykoterapi\/individuel\/","name":"Individuel - AnetteHvirvelk&aelig;r Terapi","isPartOf":{"@id":"https:\/\/anettehvirvelkaerterapi.dk\/#website"},"primaryImageOfPage":{"@id":"https:\/\/anettehvirvelkaerterapi.dk\/index.php\/psykoterapi\/individuel\/#primaryimage"},"image":{"@id":"https:\/\/anettehvirvelkaerterapi.dk\/index.php\/psykoterapi\/individuel\/#primaryimage"},"thumbnailUrl":"https:\/\/anettehvirvelkaerterapi.dk\/wp-content\/uploads\/2023\/08\/sten-i-haand1-scaled-e1692462648467.jpg","datePublished":"2023-08-09T09:09:00+00:00","dateModified":"2024-03-23T15:41:53+00:00","description":"Med individuel terapi kan du f\u00e5r andre perspektiver p\u00e5 sin situation og hvordan du kan blive bedre i stand til at f\u00e5 mere af det som du har brug for i dit liv.","breadcrumb":{"@id":"https:\/\/anettehvirvelkaerterapi.dk\/index.php\/psykoterapi\/individuel\/#breadcrumb"},"inLanguage":"da-DK","potentialAction":[{"@type":"ReadAction","target":["https:\/\/anettehvirvelkaerterapi.dk\/index.php\/psykoterapi\/individuel\/"]}]},{"@type":"ImageObject","inLanguage":"da-DK","@id":"https:\/\/anettehvirvelkaerterapi.dk\/index.php\/psykoterapi\/individuel\/#primaryimage","url":"https:\/\/anettehvirvelkaerterapi.dk\/wp-content\/uploads\/2023\/08\/sten-i-haand1-scaled-e1692462648467.jpg","contentUrl":"https:\/\/anettehvirvelkaerterapi.dk\/wp-content\/uploads\/2023\/08\/sten-i-haand1-scaled-e1692462648467.jpg","width":1920,"height":1774,"caption":"mig egenomsorg omsorg trivsel indre gl\u00e6de ro mistrivsel stress depressiv \u00e6ngstelig ensomhed alene savn tab sorg kulturelle konflikter afstand n\u00e6rv\u00e6r misforst\u00e5elser kommunikation bro"},{"@type":"BreadcrumbList","@id":"https:\/\/anettehvirvelkaerterapi.dk\/index.php\/psykoterapi\/individuel\/#breadcrumb","itemListElement":[{"@type":"ListItem","position":1,"name":"Hjem","item":"https:\/\/anettehvirvelkaerterapi.dk\/"},{"@type":"ListItem","position":2,"name":"Psykoterapi","item":"https:\/\/anettehvirvelkaerterapi.dk\/index.php\/psykoterapi\/"},{"@type":"ListItem","position":3,"name":"Individuel"}]},{"@type":"WebSite","@id":"https:\/\/anettehvirvelkaerterapi.dk\/#website","url":"https:\/\/anettehvirvelkaerterapi.dk\/","name":"AnetteHvirvelk&aelig;r Terapi","description":"Samtaleterapi  til enkelt personer, par og familier og kropsorienteret behandling","potentialAction":[{"@type":"SearchAction","target":{"@type":"EntryPoint","urlTemplate":"https:\/\/anettehvirvelkaerterapi.dk\/?s={search_term_string}"},"query-input":{"@type":"PropertyValueSpecification","valueRequired":true,"valueName":"search_term_string"}}],"inLanguage":"da-DK"}]}},"_links":{"self":[{"href":"https:\/\/anettehvirvelkaerterapi.dk\/index.php\/wp-json\/wp\/v2\/pages\/39","targetHints":{"allow":["GET"]}}],"collection":[{"href":"https:\/\/anettehvirvelkaerterapi.dk\/index.php\/wp-json\/wp\/v2\/pages"}],"about":[{"href":"https:\/\/anettehvirvelkaerterapi.dk\/index.php\/wp-json\/wp\/v2\/types\/page"}],"author":[{"embeddable":true,"href":"https:\/\/anettehvirvelkaerterapi.dk\/index.php\/wp-json\/wp\/v2\/users\/1"}],"replies":[{"embeddable":true,"href":"https:\/\/anettehvirvelkaerterapi.dk\/index.php\/wp-json\/wp\/v2\/comments?post=39"}],"version-history":[{"count":13,"href":"https:\/\/anettehvirvelkaerterapi.dk\/index.php\/wp-json\/wp\/v2\/pages\/39\/revisions"}],"predecessor-version":[{"id":677,"href":"https:\/\/anettehvirvelkaerterapi.dk\/index.php\/wp-json\/wp\/v2\/pages\/39\/revisions\/677"}],"up":[{"embeddable":true,"href":"https:\/\/anettehvirvelkaerterapi.dk\/index.php\/wp-json\/wp\/v2\/pages\/7"}],"wp:featuredmedia":[{"embeddable":true,"href":"https:\/\/anettehvirvelkaerterapi.dk\/index.php\/wp-json\/wp\/v2\/media\/267"}],"wp:attachment":[{"href":"https:\/\/anettehvirvelkaerterapi.dk\/index.php\/wp-json\/wp\/v2\/media?parent=39"}],"curies":[{"name":"wp","href":"https:\/\/api.w.org\/{rel}","templated":true}]}}